{"id":283,"date":"2025-09-09T15:14:03","date_gmt":"2025-09-09T15:14:03","guid":{"rendered":"https:\/\/forsite-verlag.de\/aktuell\/?page_id=283"},"modified":"2025-09-09T15:20:04","modified_gmt":"2025-09-09T15:20:04","slug":"mitternachtsberg-musikprojekt","status":"publish","type":"page","link":"https:\/\/forsite-verlag.de\/aktuell\/?page_id=283","title":{"rendered":"Mitternachtsberg-Musikprojekt"},"content":{"rendered":"<p>Der Forsite Verlag unterst\u00fctzt das deutsch-niederl\u00e4ndische Musikprojekt \u201eMitternachtsberg\u201c, das melodische Rockmusik mit Texten zur nordisch-europ\u00e4ischen Fr\u00fchgeschichte vereint und den Zuh\u00f6rern ein kurzweiliges akustisches Erlebnis bietet. Zwei wechselnde S\u00e4nger verleihen den durchdachten und sich vom Mainstream absetzenden Texten einen im Powermetal angesiedelten besonderen Stil, der nicht nur eingefleischte Metall-Fans anspricht. Eine deutsche Antwort auf \u201eManowar\u201c und \u201eIron Maiden\u201c!<\/p>\n<p>Soeben erschienen ist die erste Audio-CD &#8222;Thules Mission&#8220;<\/p>\n<p>Liederliste:<\/p>\n<p>  1.  Thule \u2013 das Licht aus dem Norden<br \/>\n  2.  Hermanns Rache<br \/>\n  3.  Burg im Almetal<br \/>\n  4.  Ahnenglaube<br \/>\n  5.  Der Gralssucher (Otto Rahn)<br \/>\n  6.  Seev\u00f6lkersturm<br \/>\n  7.  Der Speer des Schicksals<br \/>\n  8.  Kaiser Barbarossa<br \/>\n  9.  Furor Teutonicus<br \/>\n 10. Nibelungentreue<br \/>\n 11. Der Goten Heimkehr<\/p>\n<p><a href=\"https:\/\/parzifal-versand.de\/product_info.php?products_id=344\">Audio-CD in Pappbox mit Text-Booklet bestellen<\/a><br \/>\n<a href=\"https:\/\/www.youtube.com\/@baldurwieborg\">Eine Auswahl an kompletten Liedern findet sich auf unserem Youtube-Kanal!<\/a><\/p>\n<audio class=\"wp-audio-shortcode\" id=\"audio-283-1\" preload=\"none\" style=\"width: 100%;\" controls=\"controls\"><source type=\"audio\/mpeg\" src=\"https:\/\/forsite-verlag.de\/aktuell\/wp-content\/uploads\/2025\/08\/Licht-aus-dem-Norden-Auszug.mp3?_=1\" \/><a href=\"https:\/\/forsite-verlag.de\/aktuell\/wp-content\/uploads\/2025\/08\/Licht-aus-dem-Norden-Auszug.mp3\">https:\/\/forsite-verlag.de\/aktuell\/wp-content\/uploads\/2025\/08\/Licht-aus-dem-Norden-Auszug.mp3<\/a><\/audio>\n<audio class=\"wp-audio-shortcode\" id=\"audio-283-2\" preload=\"none\" style=\"width: 100%;\" controls=\"controls\"><source type=\"audio\/mpeg\" src=\"https:\/\/forsite-verlag.de\/aktuell\/wp-content\/uploads\/2025\/08\/Hermanns-Rache-Auszug.mp3?_=2\" \/><a href=\"https:\/\/forsite-verlag.de\/aktuell\/wp-content\/uploads\/2025\/08\/Hermanns-Rache-Auszug.mp3\">https:\/\/forsite-verlag.de\/aktuell\/wp-content\/uploads\/2025\/08\/Hermanns-Rache-Auszug.mp3<\/a><\/audio>\n<audio class=\"wp-audio-shortcode\" id=\"audio-283-3\" preload=\"none\" style=\"width: 100%;\" controls=\"controls\"><source type=\"audio\/mpeg\" src=\"https:\/\/forsite-verlag.de\/aktuell\/wp-content\/uploads\/2025\/08\/Burg-im-Almetal-Auszug.mp3?_=3\" \/><a href=\"https:\/\/forsite-verlag.de\/aktuell\/wp-content\/uploads\/2025\/08\/Burg-im-Almetal-Auszug.mp3\">https:\/\/forsite-verlag.de\/aktuell\/wp-content\/uploads\/2025\/08\/Burg-im-Almetal-Auszug.mp3<\/a><\/audio>\n","protected":false},"excerpt":{"rendered":"<p>Der Forsite Verlag unterst\u00fctzt das deutsch-niederl\u00e4ndische Musikprojekt \u201eMitternachtsberg\u201c, das melodische Rockmusik mit Texten zur nordisch-europ\u00e4ischen Fr\u00fchgeschichte vereint und den Zuh\u00f6rern ein kurzweiliges akustisches Erlebnis bietet. Zwei wechselnde S\u00e4nger verleihen den durchdachten und sich vom Mainstream absetzenden Texten einen im Powermetal angesiedelten besonderen Stil, der nicht nur eingefleischte Metall-Fans anspricht. Eine deutsche Antwort auf \u201eManowar\u201c und [&hellip;]<\/p>\n","protected":false},"author":1,"featured_media":252,"parent":0,"menu_order":1,"comment_status":"closed","ping_status":"closed","template":"","meta":{"footnotes":""},"class_list":["post-283","page","type-page","status-publish","has-post-thumbnail","hentry"],"_links":{"self":[{"href":"https:\/\/forsite-verlag.de\/aktuell\/index.php?rest_route=\/wp\/v2\/pages\/283","targetHints":{"allow":["GET"]}}],"collection":[{"href":"https:\/\/forsite-verlag.de\/aktuell\/index.php?rest_route=\/wp\/v2\/pages"}],"about":[{"href":"https:\/\/forsite-verlag.de\/aktuell\/index.php?rest_route=\/wp\/v2\/types\/page"}],"author":[{"embeddable":true,"href":"https:\/\/forsite-verlag.de\/aktuell\/index.php?rest_route=\/wp\/v2\/users\/1"}],"replies":[{"embeddable":true,"href":"https:\/\/forsite-verlag.de\/aktuell\/index.php?rest_route=%2Fwp%2Fv2%2Fcomments&post=283"}],"version-history":[{"count":3,"href":"https:\/\/forsite-verlag.de\/aktuell\/index.php?rest_route=\/wp\/v2\/pages\/283\/revisions"}],"predecessor-version":[{"id":285,"href":"https:\/\/forsite-verlag.de\/aktuell\/index.php?rest_route=\/wp\/v2\/pages\/283\/revisions\/285"}],"wp:featuredmedia":[{"embeddable":true,"href":"https:\/\/forsite-verlag.de\/aktuell\/index.php?rest_route=\/wp\/v2\/media\/252"}],"wp:attachment":[{"href":"https:\/\/forsite-verlag.de\/aktuell\/index.php?rest_route=%2Fwp%2Fv2%2Fmedia&parent=283"}],"curies":[{"name":"wp","href":"https:\/\/api.w.org\/{rel}","templated":true}]}}