{"id":5,"date":"2023-05-26T14:43:35","date_gmt":"2023-05-26T14:43:35","guid":{"rendered":"https:\/\/forsite-verlag.de\/aktuell\/?page_id=5"},"modified":"2023-05-26T22:30:23","modified_gmt":"2023-05-26T22:30:23","slug":"willkommen-beim-forsite-verlag","status":"publish","type":"page","link":"https:\/\/forsite-verlag.de\/aktuell\/?page_id=5","title":{"rendered":"Der Forsite Verlag"},"content":{"rendered":"\r\n<p class=\"bodytext\">2004 gegr\u00fcndet als Verlag f\u00fcr Schrifttum zur europ\u00e4ischen Fr\u00fchgeschichte &amp; Mythologie, bietet der Forsite Verlag neben einem umfangreichen Angebot von Nachdrucken seltener und wichtiger Titel zur Fr\u00fchgeschichte auch eigene Ver\u00f6ffentlichungen zur Fr\u00fchgeschichte, Mythologie und Esoterik an.\u00a0<\/p>\r\n<p><a style=\"font-size: 1rem;\" href=\"http:\/\/www.parzifal-versand.de\">Zum Einkaufsladen Parzifal-Versand<\/a><\/p>\r\n<p><a href=\"https:\/\/forsite-verlag.de\/aktuell\/wp-content\/uploads\/2023\/05\/Gesamtverzeichnis-Forsite-Verlag.pdf\">Gesamtverzeichnis Forsite Verlag<\/a><\/p>\r\n","protected":false},"excerpt":{"rendered":"<p>2004 gegr\u00fcndet als Verlag f\u00fcr Schrifttum zur europ\u00e4ischen Fr\u00fchgeschichte &amp; Mythologie, bietet der Forsite Verlag neben einem umfangreichen Angebot von Nachdrucken seltener und wichtiger Titel zur Fr\u00fchgeschichte auch eigene Ver\u00f6ffentlichungen zur Fr\u00fchgeschichte, Mythologie und Esoterik an.\u00a0 Zum Einkaufsladen Parzifal-Versand Gesamtverzeichnis Forsite Verlag<\/p>\n","protected":false},"author":1,"featured_media":0,"parent":0,"menu_order":0,"comment_status":"closed","ping_status":"closed","template":"","meta":{"footnotes":""},"class_list":["post-5","page","type-page","status-publish","hentry"],"_links":{"self":[{"href":"https:\/\/forsite-verlag.de\/aktuell\/index.php?rest_route=\/wp\/v2\/pages\/5","targetHints":{"allow":["GET"]}}],"collection":[{"href":"https:\/\/forsite-verlag.de\/aktuell\/index.php?rest_route=\/wp\/v2\/pages"}],"about":[{"href":"https:\/\/forsite-verlag.de\/aktuell\/index.php?rest_route=\/wp\/v2\/types\/page"}],"author":[{"embeddable":true,"href":"https:\/\/forsite-verlag.de\/aktuell\/index.php?rest_route=\/wp\/v2\/users\/1"}],"replies":[{"embeddable":true,"href":"https:\/\/forsite-verlag.de\/aktuell\/index.php?rest_route=%2Fwp%2Fv2%2Fcomments&post=5"}],"version-history":[{"count":7,"href":"https:\/\/forsite-verlag.de\/aktuell\/index.php?rest_route=\/wp\/v2\/pages\/5\/revisions"}],"predecessor-version":[{"id":41,"href":"https:\/\/forsite-verlag.de\/aktuell\/index.php?rest_route=\/wp\/v2\/pages\/5\/revisions\/41"}],"wp:attachment":[{"href":"https:\/\/forsite-verlag.de\/aktuell\/index.php?rest_route=%2Fwp%2Fv2%2Fmedia&parent=5"}],"curies":[{"name":"wp","href":"https:\/\/api.w.org\/{rel}","templated":true}]}}